{"id":3108,"date":"2024-05-07T10:00:35","date_gmt":"2024-05-07T08:00:35","guid":{"rendered":"https:\/\/monetyzwiedzminem.pl\/?page_id=3108"},"modified":"2024-09-09T11:53:58","modified_gmt":"2024-09-09T09:53:58","slug":"10000-frankow-wiedzmin-ostatnie-zyczenie","status":"publish","type":"page","link":"https:\/\/monetyzwiedzminem.pl\/en\/monety\/10000-frankow-wiedzmin-ostatnie-zyczenie\/","title":{"rendered":"10000 frank\u00f3w &#8211; Wied\u017amin Ostatnie \u017byczenie 3D"},"content":{"rendered":"<p>THE WITCHER book series<\/p>\n<h1>THE LAST WISH<\/h1>\n<p>COIN 10 OOO CFA<\/p>\n<p>\t\t\t<a href=\"https:\/\/mennica-gdanska.pl\/pl\/kamerun\/5903-10000-frankow-ostatnie-zyczenie-wiedzmin-3d.html\" target=\"_blank\" rel=\"noopener\"><br \/>\n\t\t\t\t\t\t\t\t\tGo to the store<br \/>\n\t\t\t\t\t<\/a><\/p>\n<p style=\"font-weight: 400;\" class=\"translation-block\"><strong>The Last Wish<\/strong> from the series <span><strong><a href=\"https:\/\/mennica-gdanska.pl\/pl\/251-wiedzmin\" target=\"_self\">The Witcher 3D<\/a> <\/strong><\/span> in an even larger (and heavier) 3D version. We present you the kilogram version of the issue!<\/p>\n<p style=\"font-weight: 400;\">The second coin in the 3D coin series after the statue.<\/p>\n<p>The reverse of the 3D value is emphasized by an ultra-high relief reaching up to 16.4 mm, which, with attention to the smallest details, depicts the scene when Geralt and Yennefer emerge from the portal and fight with the djinn for the seal to the jug. The witcher initially tried to stop Yennefer from fighting because it was the djinn that fulfilled his wishes.<\/p>\n<p>The obverse of the coin - in addition to the image of the issuer (the Republic of Cameroon), shows a portal from which Geralt and Yennefer emerge on the reverse.<\/p>\n<p>The Gda\u0144sk Mint is the only numismatic company in the world that issues coins with the image of the book witcher, thanks to a license granted by the outstanding writer Andrzej Sapkowski.<\/p>\n<p>Nomina\u0142 monety ma warto\u015b\u0107 10000 Frank\u00f3w. To pe\u0142noprawny \u015brodek p\u0142atniczy, kt\u00f3rego legalno\u015b\u0107 zapewnia Republika Kamerunu.<\/p>\n<p>\u00a0<\/p>\n<h2>SPECIFICATION<\/h2>\n<p>\t\t\t\t\t\t\t10000<br \/> Frank\u00f3w\t\t\t\t\t\t<\/p>\n<p>\n\t\t\t\t\t\tDenomination\t\t\t\t\t<\/p>\n<p>\t\t\t\t\t\t\tKamerun\t\t\t\t\t\t<\/p>\n<p>\n\t\t\t\t\t\tCountry\t\t\t\t\t<\/p>\n<p>\t\t\t\t\t\t\tAg 925\t\t\t\t\t\t<\/p>\n<p>\n\t\t\t\t\t\tMetal\t\t\t\t\t<\/p>\n<p>\t\t\t\t\t\t\t1 kg\t\t\t\t\t\t<\/p>\n<p>\n\t\t\t\t\t\tWeight\t\t\t\t\t<\/p>\n<p>\t\t\t\t\t\t\t136,65 x 136,67 x 32,8 mm\t\t\t\t\t\t<\/p>\n<p>\n\t\t\t\t\t\tSize\t\t\t\t\t<\/p>\n<p>\t\t\t\t\t\t\tAntique Finish\t\t\t\t\t\t<\/p>\n<p>\n\t\t\t\t\t\tQuality\t\t\t\t\t<\/p>\n<p>\t\t\t\t\t\t\t40 sztuk\t\t\t\t\t\t<\/p>\n<p>\n\t\t\t\t\t\tMintage\t\t\t\t\t<\/p>\n<p>\t\t\t\t\t\t\tMAJ 2024\t\t\t\t\t\t<\/p>\n<p>\n\t\t\t\t\t\tDate of issue\t\t\t\t\t<\/p>\n<p>\t\t\t\t\t\t\tWysoki Relief 3D\t\t\t\t\t\t<\/p>\n<p>\n\t\t\t\t\t\tAdditions\t\t\t\t\t<\/p>\n<h2>Coin on sale<\/h2>\n<p>\t\t\t<a href=\"https:\/\/mennica-gdanska.pl\/pl\/kamerun\/5903-10000-frankow-ostatnie-zyczenie-wiedzmin-3d.html\" target=\"_blank\" rel=\"noopener\"><br \/>\n\t\t\t\t\t\t\t\t\tGo to the store<br \/>\n\t\t\t\t\t<\/a><br \/>\n\t\t\t<a href=\"https:\/\/monetyzwiedzminem.pl\/en\/monety\/\"><br \/>\n\t\t\t\t\t\t\t\t\tGo back to the coin inventory<br \/>\n\t\t\t\t\t<\/a><\/p>","protected":false},"excerpt":{"rendered":"<p>WIED\u0179MIN Ostatnie \u017cyczenie moneta 10000 frank\u00f3w Przejd\u017a do sklepu Ostatnie \u017byczenie\u00a0z serii\u00a0Wied\u017amin 3D\u00a0w jeszcze wi\u0119kszej (i ci\u0119\u017cszej) tr\u00f3jwymiarowej wersji. Przedstawiamy Pa\u0144stwu kilogramow\u0105 ods\u0142on\u0119 emisji! Jest to druga z serii moneta 3D po statui. Rewers waloru 3D podkre\u015bla ultrawysoki relief si\u0119gaj\u0105cy a\u017c 32,8 mm, kt\u00f3ry z dba\u0142o\u015bci\u0105 o najdrobniejsze szczeg\u00f3\u0142y przedstawia scen\u0119, gdy Geralt i Yennefer [&hellip;]<\/p>","protected":false},"author":5,"featured_media":0,"parent":582,"menu_order":0,"comment_status":"closed","ping_status":"closed","template":"elementor_header_footer","meta":{"footnotes":""},"class_list":["post-3108","page","type-page","status-publish","hentry","entry"],"_links":{"self":[{"href":"https:\/\/monetyzwiedzminem.pl\/en\/wp-json\/wp\/v2\/pages\/3108","targetHints":{"allow":["GET"]}}],"collection":[{"href":"https:\/\/monetyzwiedzminem.pl\/en\/wp-json\/wp\/v2\/pages"}],"about":[{"href":"https:\/\/monetyzwiedzminem.pl\/en\/wp-json\/wp\/v2\/types\/page"}],"author":[{"embeddable":true,"href":"https:\/\/monetyzwiedzminem.pl\/en\/wp-json\/wp\/v2\/users\/5"}],"replies":[{"embeddable":true,"href":"https:\/\/monetyzwiedzminem.pl\/en\/wp-json\/wp\/v2\/comments?post=3108"}],"version-history":[{"count":15,"href":"https:\/\/monetyzwiedzminem.pl\/en\/wp-json\/wp\/v2\/pages\/3108\/revisions"}],"predecessor-version":[{"id":3147,"href":"https:\/\/monetyzwiedzminem.pl\/en\/wp-json\/wp\/v2\/pages\/3108\/revisions\/3147"}],"up":[{"embeddable":true,"href":"https:\/\/monetyzwiedzminem.pl\/en\/wp-json\/wp\/v2\/pages\/582"}],"wp:attachment":[{"href":"https:\/\/monetyzwiedzminem.pl\/en\/wp-json\/wp\/v2\/media?parent=3108"}],"curies":[{"name":"wp","href":"https:\/\/api.w.org\/{rel}","templated":true}]}}