{"id":690,"date":"2020-12-21T11:26:06","date_gmt":"2020-12-21T10:26:06","guid":{"rendered":"https:\/\/monetyzwiedzminem.pl\/?page_id=690"},"modified":"2024-04-23T09:44:46","modified_gmt":"2024-04-23T07:44:46","slug":"o-serii","status":"publish","type":"page","link":"https:\/\/monetyzwiedzminem.pl\/en\/o-serii\/","title":{"rendered":"About the series"},"content":{"rendered":"<div data-elementor-type=\"wp-page\" data-elementor-id=\"690\" class=\"elementor elementor-690\" data-elementor-post-type=\"page\">\n\t\t\t\t\t\t<section class=\"elementor-section elementor-top-section elementor-element elementor-element-b2c8190 elementor-section-full_width elementor-section-height-default elementor-section-height-default\" data-id=\"b2c8190\" data-element_type=\"section\">\n\t\t\t\t\t\t<div class=\"elementor-container elementor-column-gap-no\">\n\t\t\t\t\t<div class=\"elementor-column elementor-col-33 elementor-top-column elementor-element elementor-element-f3cc59a elementor-hidden-phone\" data-id=\"f3cc59a\" data-element_type=\"column\" data-settings=\"{&quot;background_background&quot;:&quot;classic&quot;}\">\n\t\t\t<div class=\"elementor-widget-wrap elementor-element-populated\">\n\t\t\t\t\t\t<div class=\"elementor-element elementor-element-98e9c59 elementor-widget elementor-widget-spacer\" data-id=\"98e9c59\" data-element_type=\"widget\" data-widget_type=\"spacer.default\">\n\t\t\t\t<div class=\"elementor-widget-container\">\n\t\t\t\t\t\t\t<div class=\"elementor-spacer\">\n\t\t\t<div class=\"elementor-spacer-inner\"><\/div>\n\t\t<\/div>\n\t\t\t\t\t\t<\/div>\n\t\t\t\t<\/div>\n\t\t\t\t\t<\/div>\n\t\t<\/div>\n\t\t\t\t<div class=\"elementor-column elementor-col-33 elementor-top-column elementor-element elementor-element-c41cb74\" data-id=\"c41cb74\" data-element_type=\"column\" data-settings=\"{&quot;background_background&quot;:&quot;classic&quot;}\">\n\t\t\t<div class=\"elementor-widget-wrap elementor-element-populated\">\n\t\t\t\t\t\t<div class=\"elementor-element elementor-element-190e139 elementor-widget elementor-widget-heading\" data-id=\"190e139\" data-element_type=\"widget\" data-widget_type=\"heading.default\">\n\t\t\t\t<div class=\"elementor-widget-container\">\n\t\t\t\t\t<h1 class=\"elementor-heading-title elementor-size-default\">About the series<\/h1>\t\t\t\t<\/div>\n\t\t\t\t<\/div>\n\t\t\t\t\t<\/div>\n\t\t<\/div>\n\t\t\t\t<div class=\"elementor-column elementor-col-33 elementor-top-column elementor-element elementor-element-932161a elementor-hidden-phone\" data-id=\"932161a\" data-element_type=\"column\" data-settings=\"{&quot;background_background&quot;:&quot;classic&quot;}\">\n\t\t\t<div class=\"elementor-widget-wrap elementor-element-populated\">\n\t\t\t\t\t\t<div class=\"elementor-element elementor-element-49078c5 elementor-widget elementor-widget-spacer\" data-id=\"49078c5\" data-element_type=\"widget\" data-widget_type=\"spacer.default\">\n\t\t\t\t<div class=\"elementor-widget-container\">\n\t\t\t\t\t\t\t<div class=\"elementor-spacer\">\n\t\t\t<div class=\"elementor-spacer-inner\"><\/div>\n\t\t<\/div>\n\t\t\t\t\t\t<\/div>\n\t\t\t\t<\/div>\n\t\t\t\t\t<\/div>\n\t\t<\/div>\n\t\t\t\t\t<\/div>\n\t\t<\/section>\n\t\t\t\t<section class=\"elementor-section elementor-top-section elementor-element elementor-element-8b78198 elementor-section-full_width elementor-section-height-default elementor-section-height-default\" data-id=\"8b78198\" data-element_type=\"section\">\n\t\t\t\t\t\t<div class=\"elementor-container elementor-column-gap-no\">\n\t\t\t\t\t<div class=\"elementor-column elementor-col-50 elementor-top-column elementor-element elementor-element-3d2e376\" data-id=\"3d2e376\" data-element_type=\"column\" data-settings=\"{&quot;background_background&quot;:&quot;classic&quot;}\">\n\t\t\t<div class=\"elementor-widget-wrap elementor-element-populated\">\n\t\t\t\t\t\t<div class=\"elementor-element elementor-element-b277da0 elementor-widget elementor-widget-spacer\" data-id=\"b277da0\" data-element_type=\"widget\" data-widget_type=\"spacer.default\">\n\t\t\t\t<div class=\"elementor-widget-container\">\n\t\t\t\t\t\t\t<div class=\"elementor-spacer\">\n\t\t\t<div class=\"elementor-spacer-inner\"><\/div>\n\t\t<\/div>\n\t\t\t\t\t\t<\/div>\n\t\t\t\t<\/div>\n\t\t\t\t\t<\/div>\n\t\t<\/div>\n\t\t\t\t<div class=\"elementor-column elementor-col-50 elementor-top-column elementor-element elementor-element-24ddf55\" data-id=\"24ddf55\" data-element_type=\"column\" data-settings=\"{&quot;background_background&quot;:&quot;slideshow&quot;,&quot;background_slideshow_gallery&quot;:[{&quot;id&quot;:1467,&quot;url&quot;:&quot;https:\\\/\\\/monetyzwiedzminem.pl\\\/wp-content\\\/uploads\\\/2021\\\/01\\\/wiedzmin-50MP-2.jpg&quot;}],&quot;background_slideshow_loop&quot;:&quot;yes&quot;,&quot;background_slideshow_slide_duration&quot;:5000,&quot;background_slideshow_slide_transition&quot;:&quot;fade&quot;,&quot;background_slideshow_transition_duration&quot;:500}\">\n\t\t\t<div class=\"elementor-widget-wrap elementor-element-populated\">\n\t\t\t\t\t\t<div class=\"elementor-element elementor-element-9416ea0 elementor-widget elementor-widget-spacer\" data-id=\"9416ea0\" data-element_type=\"widget\" data-widget_type=\"spacer.default\">\n\t\t\t\t<div class=\"elementor-widget-container\">\n\t\t\t\t\t\t\t<div class=\"elementor-spacer\">\n\t\t\t<div class=\"elementor-spacer-inner\"><\/div>\n\t\t<\/div>\n\t\t\t\t\t\t<\/div>\n\t\t\t\t<\/div>\n\t\t\t\t\t<\/div>\n\t\t<\/div>\n\t\t\t\t\t<\/div>\n\t\t<\/section>\n\t\t\t\t<section class=\"elementor-section elementor-top-section elementor-element elementor-element-651071b elementor-section-boxed elementor-section-height-default elementor-section-height-default\" data-id=\"651071b\" data-element_type=\"section\" data-settings=\"{&quot;background_background&quot;:&quot;classic&quot;}\">\n\t\t\t\t\t\t<div class=\"elementor-container elementor-column-gap-default\">\n\t\t\t\t\t<div class=\"elementor-column elementor-col-100 elementor-top-column elementor-element elementor-element-82b2042\" data-id=\"82b2042\" data-element_type=\"column\">\n\t\t\t<div class=\"elementor-widget-wrap elementor-element-populated\">\n\t\t\t\t\t\t<div class=\"elementor-element elementor-element-6445630 elementor-invisible elementor-widget elementor-widget-heading\" data-id=\"6445630\" data-element_type=\"widget\" data-settings=\"{&quot;_animation&quot;:&quot;fadeInUp&quot;}\" data-widget_type=\"heading.default\">\n\t\t\t\t<div class=\"elementor-widget-container\">\n\t\t\t\t\t<h2 class=\"elementor-heading-title elementor-size-default\">Coins from \"The Witcher Book Series\"<\/h2>\t\t\t\t<\/div>\n\t\t\t\t<\/div>\n\t\t\t\t<div class=\"elementor-element elementor-element-eaeb8bb elementor-widget elementor-widget-text-editor\" data-id=\"eaeb8bb\" data-element_type=\"widget\" data-widget_type=\"text-editor.default\">\n\t\t\t\t<div class=\"elementor-widget-container\">\n\t\t\t\t\t\t\t\t\t<p>The idea for thid coins was born in 2018. \u0141ukasz Rosanowski, the owner of the Mint of Gdansk, had months of talks with Andrzej Sapkowski - the creator of the Witcher Book Series world. The negotiations turned out to be fruitful - the Mint of Gdansk was the only one in the world to receive the rights to issue collector coins with this theme based on the prose of Andrzej Sapkowski.<\/p><p>On November 6, 2019, the first coins corresponding to the book \"The Last Wish\" were premiered. Every year, an issue corresponding to the next volumes of the Witcher series is published.<\/p><p>The series will include collector coins minted in silver showing important events from the books, minted in gold depicting book characters, bullion coins, and 3D coins depicting scenes from Andrzej Sapkowski's The Witcher Cycle.\u00a0<\/p><p>The Witcher coins are full-fledged coins - they have a denomination and a government guarantee. Due to Polish law, only the National Bank of Poland can issue coins with currency denominated in Polish zloty. For this reason, these coins have a denomination expressed in New Zealand dollars, and their authenticity and legality are guaranteed by the government of the island of Niue. The sovereign of this island is the head of the United Kingdom of Great Britain and Northern Ireland, therefore the obverse of the coins must bear the image of the issuer and inscriptions in English.\nCollectible coins are characterized by a very high relief and interesting additions, such as multi-layer glass with gold flakes, an insert printed on a 3D printer, or plating with pure gold. Each such coin is packed with a certificate of authenticity in an elegant wooden box. Collectible coins are also characterized by limited mintage, emphasizing their uniqueness. The mintage of each 2 oz coin is 2,000 pieces, 1 kg coins - 200 pieces. Expenditures will never be increased.<\/p><p>The Witcher coins are full-fledged coins - they have a denomination and a government guarantee. Due to Polish law, only the National Bank of Poland can issue coins with currency denominated in Polish zloty. For this reason, these coins have a denomination expressed in New Zealand dollars, and their authenticity and legality are guaranteed by the government of the island of Niue. The sovereign of this island is the head of the United Kingdom of Great Britain and Northern Ireland, therefore the obverse of the coins must bear the image of the issuer and inscriptions in English.<\/p><p>The Numismatic Witcher Book Series quickly conquered world markets. The circulation of each issue is rapidly selling out, and Polish and foreign media write about our coins. Coins were also given to people related to the world of The Witcher - Andrzej Sapkowski, Micha\u0142 \u017bebrowski, Tomasz Bagi\u0144ski, and Maciej Musia\u0142. The Witcher Book Series is present in the minds of fans of prose, computer games and the popular series. The White Wolf phenomenon will continue for many years to come.<\/p><p><strong>The series will include the following versions:<\/strong><\/p><ul><li>Silver, 2 oz Ag \u2013 8 coins<\/li><li>Silver, 1 kg Ag \u2013 8 coins<\/li><li>Silver, 200 g Ag \u2013 8 coins<\/li><li>Gold, 1\/10 oz and 1 oz Au \u2013 5-8 coins<\/li><li>Silver, 1 oz and 2 oz Ag BU \u2013 8 coins<\/li><li>Silver, 3D Ag coin \u2013 2 to 5 coins<\/li><\/ul><p><b>Issue plan (subject to change):<\/b><\/p><p>1. The Witcher, The White Wolf\u00a0<br \/><span style=\"font-size: 16px;\">2. The Last Wish\u00a0<br \/><\/span><span style=\"font-size: 16px;\">3. The Sword of Destiny\u00a0<\/span><span style=\"font-size: 16px;\"><br \/><\/span><span style=\"font-size: 16px;\">4. The Blood of Elves\u00a0<br \/><\/span><span style=\"font-size: 16px;\">Time of Contempt\u00a0<\/span><span style=\"font-size: 16px;\"><br \/><\/span><span style=\"font-size: 16px;\">6. The Baptism of Fire\u00a0<br \/><\/span><span style=\"font-size: 16px;\">67. The Tower of the Swallow\u00a0<\/span><span style=\"font-size: 16px;\"><br \/><\/span><span style=\"font-size: 16px;\">8. The Lady of the Lake\u00a0<br \/><\/span><span style=\"font-size: 16px;\">9. Seasons of Storm\u00a0<\/span><\/p>\t\t\t\t\t\t\t\t<\/div>\n\t\t\t\t<\/div>\n\t\t\t\t\t<\/div>\n\t\t<\/div>\n\t\t\t\t\t<\/div>\n\t\t<\/section>\n\t\t\t\t<section class=\"elementor-section elementor-top-section elementor-element elementor-element-0fe121a elementor-section-boxed elementor-section-height-default elementor-section-height-default\" data-id=\"0fe121a\" data-element_type=\"section\" data-settings=\"{&quot;background_background&quot;:&quot;classic&quot;}\">\n\t\t\t\t\t\t<div class=\"elementor-container elementor-column-gap-default\">\n\t\t\t\t\t<div class=\"elementor-column elementor-col-100 elementor-top-column elementor-element elementor-element-dc28fdb\" data-id=\"dc28fdb\" data-element_type=\"column\">\n\t\t\t<div class=\"elementor-widget-wrap elementor-element-populated\">\n\t\t\t\t\t\t<div class=\"elementor-element elementor-element-1ed5d07 elementor-invisible elementor-widget elementor-widget-heading\" data-id=\"1ed5d07\" data-element_type=\"widget\" data-settings=\"{&quot;_animation&quot;:&quot;fadeInUp&quot;}\" data-widget_type=\"heading.default\">\n\t\t\t\t<div class=\"elementor-widget-container\">\n\t\t\t\t\t<h2 class=\"elementor-heading-title elementor-size-default\">STAGES OF A COIN FORMATION<\/h2>\t\t\t\t<\/div>\n\t\t\t\t<\/div>\n\t\t\t\t<section class=\"elementor-section elementor-inner-section elementor-element elementor-element-2a34f04 elementor-section-boxed elementor-section-height-default elementor-section-height-default\" data-id=\"2a34f04\" data-element_type=\"section\">\n\t\t\t\t\t\t<div class=\"elementor-container elementor-column-gap-default\">\n\t\t\t\t\t<div class=\"elementor-column elementor-col-33 elementor-inner-column elementor-element elementor-element-cfc7a27\" data-id=\"cfc7a27\" data-element_type=\"column\">\n\t\t\t<div class=\"elementor-widget-wrap elementor-element-populated\">\n\t\t\t\t\t\t<div class=\"elementor-element elementor-element-7fe64da steps step-one elementor-position-top elementor-widget elementor-widget-image-box\" data-id=\"7fe64da\" data-element_type=\"widget\" data-widget_type=\"image-box.default\">\n\t\t\t\t<div class=\"elementor-widget-container\">\n\t\t\t\t\t<div class=\"elementor-image-box-wrapper\"><figure class=\"elementor-image-box-img\"><img fetchpriority=\"high\" decoding=\"async\" width=\"400\" height=\"399\" src=\"https:\/\/monetyzwiedzminem.pl\/wp-content\/uploads\/2021\/02\/Miecz-Przeznaczenia-2-oz-etapy-powstawania.gif\" class=\"attachment-full size-full wp-image-1734\" alt=\"\" \/><\/figure><div class=\"elementor-image-box-content\"><p class=\"elementor-image-box-title\">Design<\/p><\/div><\/div>\t\t\t\t<\/div>\n\t\t\t\t<\/div>\n\t\t\t\t\t<\/div>\n\t\t<\/div>\n\t\t\t\t<div class=\"elementor-column elementor-col-33 elementor-inner-column elementor-element elementor-element-451bc14\" data-id=\"451bc14\" data-element_type=\"column\">\n\t\t\t<div class=\"elementor-widget-wrap elementor-element-populated\">\n\t\t\t\t\t\t<div class=\"elementor-element elementor-element-f925d15 steps step-two elementor-position-top elementor-widget elementor-widget-image-box\" data-id=\"f925d15\" data-element_type=\"widget\" data-widget_type=\"image-box.default\">\n\t\t\t\t<div class=\"elementor-widget-container\">\n\t\t\t\t\t<div class=\"elementor-image-box-wrapper\"><figure class=\"elementor-image-box-img\"><img decoding=\"async\" width=\"800\" height=\"794\" src=\"https:\/\/monetyzwiedzminem.pl\/wp-content\/uploads\/2021\/02\/Miecz-Przeznaczenia-Wiedzmin-moneta-kolekcjonerska-3.jpg\" class=\"attachment-full size-full wp-image-1735\" alt=\"\" srcset=\"https:\/\/monetyzwiedzminem.pl\/wp-content\/uploads\/2021\/02\/Miecz-Przeznaczenia-Wiedzmin-moneta-kolekcjonerska-3.jpg 800w, https:\/\/monetyzwiedzminem.pl\/wp-content\/uploads\/2021\/02\/Miecz-Przeznaczenia-Wiedzmin-moneta-kolekcjonerska-3-350x347.jpg 350w, https:\/\/monetyzwiedzminem.pl\/wp-content\/uploads\/2021\/02\/Miecz-Przeznaczenia-Wiedzmin-moneta-kolekcjonerska-3-768x762.jpg 768w, https:\/\/monetyzwiedzminem.pl\/wp-content\/uploads\/2021\/02\/Miecz-Przeznaczenia-Wiedzmin-moneta-kolekcjonerska-3-12x12.jpg 12w\" sizes=\"(max-width: 800px) 100vw, 800px\" \/><\/figure><div class=\"elementor-image-box-content\"><p class=\"elementor-image-box-title\">3d model<\/p><\/div><\/div>\t\t\t\t<\/div>\n\t\t\t\t<\/div>\n\t\t\t\t\t<\/div>\n\t\t<\/div>\n\t\t\t\t<div class=\"elementor-column elementor-col-33 elementor-inner-column elementor-element elementor-element-8761061\" data-id=\"8761061\" data-element_type=\"column\">\n\t\t\t<div class=\"elementor-widget-wrap elementor-element-populated\">\n\t\t\t\t\t\t<div class=\"elementor-element elementor-element-62d1926 steps step-three elementor-position-top elementor-widget elementor-widget-image-box\" data-id=\"62d1926\" data-element_type=\"widget\" data-widget_type=\"image-box.default\">\n\t\t\t\t<div class=\"elementor-widget-container\">\n\t\t\t\t\t<div class=\"elementor-image-box-wrapper\"><figure class=\"elementor-image-box-img\"><img decoding=\"async\" width=\"800\" height=\"795\" src=\"https:\/\/monetyzwiedzminem.pl\/wp-content\/uploads\/2021\/02\/Sword-of-Destiny-The-Witcher-2-oz-Ag-999-2020-silver-collector-coin-1-3.jpg\" class=\"attachment-full size-full wp-image-1736\" alt=\"\" srcset=\"https:\/\/monetyzwiedzminem.pl\/wp-content\/uploads\/2021\/02\/Sword-of-Destiny-The-Witcher-2-oz-Ag-999-2020-silver-collector-coin-1-3.jpg 800w, https:\/\/monetyzwiedzminem.pl\/wp-content\/uploads\/2021\/02\/Sword-of-Destiny-The-Witcher-2-oz-Ag-999-2020-silver-collector-coin-1-3-350x348.jpg 350w, https:\/\/monetyzwiedzminem.pl\/wp-content\/uploads\/2021\/02\/Sword-of-Destiny-The-Witcher-2-oz-Ag-999-2020-silver-collector-coin-1-3-768x763.jpg 768w, https:\/\/monetyzwiedzminem.pl\/wp-content\/uploads\/2021\/02\/Sword-of-Destiny-The-Witcher-2-oz-Ag-999-2020-silver-collector-coin-1-3-12x12.jpg 12w\" sizes=\"(max-width: 800px) 100vw, 800px\" \/><\/figure><div class=\"elementor-image-box-content\"><p class=\"elementor-image-box-title\">Picture<\/p><\/div><\/div>\t\t\t\t<\/div>\n\t\t\t\t<\/div>\n\t\t\t\t\t<\/div>\n\t\t<\/div>\n\t\t\t\t\t<\/div>\n\t\t<\/section>\n\t\t\t\t<div class=\"elementor-element elementor-element-df8e849 elementor-mobile-align-justify elementor-align-center elementor-widget elementor-widget-button\" data-id=\"df8e849\" data-element_type=\"widget\" data-widget_type=\"button.default\">\n\t\t\t\t<div class=\"elementor-widget-container\">\n\t\t\t\t\t\t\t\t\t<div class=\"elementor-button-wrapper\">\n\t\t\t\t\t<a class=\"elementor-button elementor-button-link elementor-size-sm elementor-animation-sink\" href=\"https:\/\/mennica-gdanska.pl\/pl\/xipblog\/post\/144_produkcja-monet-kolekcjonerskich-na-przykladzie-monet-z-wiedzminem.html?page_type=post\" target=\"_blank\">\n\t\t\t\t\t\t<span class=\"elementor-button-content-wrapper\">\n\t\t\t\t\t\t\t\t\t<span class=\"elementor-button-text\">Find out more<\/span>\n\t\t\t\t\t<\/span>\n\t\t\t\t\t<\/a>\n\t\t\t\t<\/div>\n\t\t\t\t\t\t\t\t<\/div>\n\t\t\t\t<\/div>\n\t\t\t\t\t<\/div>\n\t\t<\/div>\n\t\t\t\t\t<\/div>\n\t\t<\/section>\n\t\t\t\t<\/div>","protected":false},"excerpt":{"rendered":"<p>About the Series Coins with the image of the witcher The idea for coins with the Witcher was created in 2018. \u0141ukasz Rosanowski, the owner of the Gda\u0144sk Mint, had months of talks with Andrzej Sapkowski - the creator of the Witcher world. The negotiations turned out to be fruitful - the Gda\u0144sk Mint was the only one in the world to receive the rights to issue collector coins with the image of the Witcher based on the prose of Andrzej Sapkowski. [\u2026]<\/p>","protected":false},"author":2,"featured_media":0,"parent":0,"menu_order":0,"comment_status":"closed","ping_status":"closed","template":"elementor_header_footer","meta":{"footnotes":""},"class_list":["post-690","page","type-page","status-publish","hentry","entry"],"_links":{"self":[{"href":"https:\/\/monetyzwiedzminem.pl\/en\/wp-json\/wp\/v2\/pages\/690","targetHints":{"allow":["GET"]}}],"collection":[{"href":"https:\/\/monetyzwiedzminem.pl\/en\/wp-json\/wp\/v2\/pages"}],"about":[{"href":"https:\/\/monetyzwiedzminem.pl\/en\/wp-json\/wp\/v2\/types\/page"}],"author":[{"embeddable":true,"href":"https:\/\/monetyzwiedzminem.pl\/en\/wp-json\/wp\/v2\/users\/2"}],"replies":[{"embeddable":true,"href":"https:\/\/monetyzwiedzminem.pl\/en\/wp-json\/wp\/v2\/comments?post=690"}],"version-history":[{"count":6,"href":"https:\/\/monetyzwiedzminem.pl\/en\/wp-json\/wp\/v2\/pages\/690\/revisions"}],"predecessor-version":[{"id":3058,"href":"https:\/\/monetyzwiedzminem.pl\/en\/wp-json\/wp\/v2\/pages\/690\/revisions\/3058"}],"wp:attachment":[{"href":"https:\/\/monetyzwiedzminem.pl\/en\/wp-json\/wp\/v2\/media?parent=690"}],"curies":[{"name":"wp","href":"https:\/\/api.w.org\/{rel}","templated":true}]}}